{"id":56,"date":"2026-02-14T13:08:09","date_gmt":"2026-02-14T13:08:09","guid":{"rendered":"http:\/\/sensaphon.ch\/?page_id=56"},"modified":"2026-02-14T13:10:07","modified_gmt":"2026-02-14T13:10:07","slug":"history","status":"publish","type":"page","link":"https:\/\/sensaphon.ch\/index.php\/history\/","title":{"rendered":"History"},"content":{"rendered":"\n<p>Seit \u00fcber <strong>30 Jahren<\/strong> steht Sensaphon f\u00fcr ehrlichen, energiegeladenen Blues\u2011Rock. Eigene Songs, ausgew\u00e4hlte Covers und ein Sound, der direkt ins Herz geht \u2013 das ist Sensaphon.<\/p>\n\n\n\n<p>Nach einer l\u00e4ngeren Pause von <strong>7 Jahren<\/strong> kehren wir zur\u00fcck. Mit neuen Ideen, alten Wurzeln und der gleichen Leidenschaft wie am ersten Tag. Die Verst\u00e4rker sind wieder warm, die Gitarren gestimmt \u2013 es wird Zeit, den Blues\u2011Rock zur\u00fcckzubringen.<\/p>\n","protected":false},"excerpt":{"rendered":"<p>Seit \u00fcber 30 Jahren steht Sensaphon f\u00fcr ehrlichen, energiegeladenen Blues\u2011Rock. Eigene Songs, ausgew\u00e4hlte Covers und ein Sound, der direkt ins Herz geht \u2013 das ist Sensaphon. Nach einer l\u00e4ngeren Pause von 7 Jahren kehren wir zur\u00fcck. Mit neuen Ideen, alten Wurzeln und der gleichen Leidenschaft wie am ersten Tag. Die Verst\u00e4rker sind wieder warm, die &hellip; <\/p>\n<p class=\"link-more\"><a href=\"https:\/\/sensaphon.ch\/index.php\/history\/\" class=\"more-link\">Continue reading<span class=\"screen-reader-text\"> &#8222;History&#8220;<\/span><\/a><\/p>\n","protected":false},"author":1,"featured_media":0,"parent":0,"menu_order":0,"comment_status":"closed","ping_status":"closed","template":"","meta":{"footnotes":""},"class_list":["post-56","page","type-page","status-publish","hentry"],"yoast_head":"<!-- This site is optimized with the Yoast SEO plugin v27.0 - https:\/\/yoast.com\/product\/yoast-seo-wordpress\/ -->\n<title>History - Sensaphon<\/title>\n<meta name=\"robots\" content=\"index, follow, max-snippet:-1, max-image-preview:large, max-video-preview:-1\" \/>\n<link rel=\"canonical\" href=\"https:\/\/sensaphon.ch\/index.php\/history\/\" \/>\n<meta property=\"og:locale\" content=\"de_DE\" \/>\n<meta property=\"og:type\" content=\"article\" \/>\n<meta property=\"og:title\" content=\"History - Sensaphon\" \/>\n<meta property=\"og:description\" content=\"Seit \u00fcber 30 Jahren steht Sensaphon f\u00fcr ehrlichen, energiegeladenen Blues\u2011Rock. Eigene Songs, ausgew\u00e4hlte Covers und ein Sound, der direkt ins Herz geht \u2013 das ist Sensaphon. Nach einer l\u00e4ngeren Pause von 7 Jahren kehren wir zur\u00fcck. Mit neuen Ideen, alten Wurzeln und der gleichen Leidenschaft wie am ersten Tag. Die Verst\u00e4rker sind wieder warm, die &hellip; Continue reading &quot;History&quot;\" \/>\n<meta property=\"og:url\" content=\"https:\/\/sensaphon.ch\/index.php\/history\/\" \/>\n<meta property=\"og:site_name\" content=\"Sensaphon\" \/>\n<meta property=\"article:modified_time\" content=\"2026-02-14T13:10:07+00:00\" \/>\n<meta name=\"twitter:card\" content=\"summary_large_image\" \/>\n<meta name=\"twitter:label1\" content=\"Gesch\u00e4tzte Lesezeit\" \/>\n\t<meta name=\"twitter:data1\" content=\"1\u00a0Minute\" \/>\n<script type=\"application\/ld+json\" class=\"yoast-schema-graph\">{\"@context\":\"https:\/\/schema.org\",\"@graph\":[{\"@type\":\"WebPage\",\"@id\":\"https:\/\/sensaphon.ch\/index.php\/history\/\",\"url\":\"https:\/\/sensaphon.ch\/index.php\/history\/\",\"name\":\"History - Sensaphon\",\"isPartOf\":{\"@id\":\"https:\/\/sensaphon.ch\/#website\"},\"datePublished\":\"2026-02-14T13:08:09+00:00\",\"dateModified\":\"2026-02-14T13:10:07+00:00\",\"breadcrumb\":{\"@id\":\"https:\/\/sensaphon.ch\/index.php\/history\/#breadcrumb\"},\"inLanguage\":\"de\",\"potentialAction\":[{\"@type\":\"ReadAction\",\"target\":[\"https:\/\/sensaphon.ch\/index.php\/history\/\"]}]},{\"@type\":\"BreadcrumbList\",\"@id\":\"https:\/\/sensaphon.ch\/index.php\/history\/#breadcrumb\",\"itemListElement\":[{\"@type\":\"ListItem\",\"position\":1,\"name\":\"Start\",\"item\":\"https:\/\/sensaphon.ch\/\"},{\"@type\":\"ListItem\",\"position\":2,\"name\":\"History\"}]},{\"@type\":\"WebSite\",\"@id\":\"https:\/\/sensaphon.ch\/#website\",\"url\":\"https:\/\/sensaphon.ch\/\",\"name\":\"Sensaphon\",\"description\":\"\",\"potentialAction\":[{\"@type\":\"SearchAction\",\"target\":{\"@type\":\"EntryPoint\",\"urlTemplate\":\"https:\/\/sensaphon.ch\/?s={search_term_string}\"},\"query-input\":{\"@type\":\"PropertyValueSpecification\",\"valueRequired\":true,\"valueName\":\"search_term_string\"}}],\"inLanguage\":\"de\"}]}<\/script>\n<!-- \/ Yoast SEO plugin. -->","yoast_head_json":{"title":"History - Sensaphon","robots":{"index":"index","follow":"follow","max-snippet":"max-snippet:-1","max-image-preview":"max-image-preview:large","max-video-preview":"max-video-preview:-1"},"canonical":"https:\/\/sensaphon.ch\/index.php\/history\/","og_locale":"de_DE","og_type":"article","og_title":"History - Sensaphon","og_description":"Seit \u00fcber 30 Jahren steht Sensaphon f\u00fcr ehrlichen, energiegeladenen Blues\u2011Rock. Eigene Songs, ausgew\u00e4hlte Covers und ein Sound, der direkt ins Herz geht \u2013 das ist Sensaphon. Nach einer l\u00e4ngeren Pause von 7 Jahren kehren wir zur\u00fcck. Mit neuen Ideen, alten Wurzeln und der gleichen Leidenschaft wie am ersten Tag. Die Verst\u00e4rker sind wieder warm, die &hellip; Continue reading \"History\"","og_url":"https:\/\/sensaphon.ch\/index.php\/history\/","og_site_name":"Sensaphon","article_modified_time":"2026-02-14T13:10:07+00:00","twitter_card":"summary_large_image","twitter_misc":{"Gesch\u00e4tzte Lesezeit":"1\u00a0Minute"},"schema":{"@context":"https:\/\/schema.org","@graph":[{"@type":"WebPage","@id":"https:\/\/sensaphon.ch\/index.php\/history\/","url":"https:\/\/sensaphon.ch\/index.php\/history\/","name":"History - Sensaphon","isPartOf":{"@id":"https:\/\/sensaphon.ch\/#website"},"datePublished":"2026-02-14T13:08:09+00:00","dateModified":"2026-02-14T13:10:07+00:00","breadcrumb":{"@id":"https:\/\/sensaphon.ch\/index.php\/history\/#breadcrumb"},"inLanguage":"de","potentialAction":[{"@type":"ReadAction","target":["https:\/\/sensaphon.ch\/index.php\/history\/"]}]},{"@type":"BreadcrumbList","@id":"https:\/\/sensaphon.ch\/index.php\/history\/#breadcrumb","itemListElement":[{"@type":"ListItem","position":1,"name":"Start","item":"https:\/\/sensaphon.ch\/"},{"@type":"ListItem","position":2,"name":"History"}]},{"@type":"WebSite","@id":"https:\/\/sensaphon.ch\/#website","url":"https:\/\/sensaphon.ch\/","name":"Sensaphon","description":"","potentialAction":[{"@type":"SearchAction","target":{"@type":"EntryPoint","urlTemplate":"https:\/\/sensaphon.ch\/?s={search_term_string}"},"query-input":{"@type":"PropertyValueSpecification","valueRequired":true,"valueName":"search_term_string"}}],"inLanguage":"de"}]}},"_links":{"self":[{"href":"https:\/\/sensaphon.ch\/index.php\/wp-json\/wp\/v2\/pages\/56","targetHints":{"allow":["GET"]}}],"collection":[{"href":"https:\/\/sensaphon.ch\/index.php\/wp-json\/wp\/v2\/pages"}],"about":[{"href":"https:\/\/sensaphon.ch\/index.php\/wp-json\/wp\/v2\/types\/page"}],"author":[{"embeddable":true,"href":"https:\/\/sensaphon.ch\/index.php\/wp-json\/wp\/v2\/users\/1"}],"replies":[{"embeddable":true,"href":"https:\/\/sensaphon.ch\/index.php\/wp-json\/wp\/v2\/comments?post=56"}],"version-history":[{"count":2,"href":"https:\/\/sensaphon.ch\/index.php\/wp-json\/wp\/v2\/pages\/56\/revisions"}],"predecessor-version":[{"id":60,"href":"https:\/\/sensaphon.ch\/index.php\/wp-json\/wp\/v2\/pages\/56\/revisions\/60"}],"wp:attachment":[{"href":"https:\/\/sensaphon.ch\/index.php\/wp-json\/wp\/v2\/media?parent=56"}],"curies":[{"name":"wp","href":"https:\/\/api.w.org\/{rel}","templated":true}]}}